{"id":2798,"date":"2025-05-17T11:38:12","date_gmt":"2025-05-17T09:38:12","guid":{"rendered":"https:\/\/www.leilasound.com\/?page_id=2798"},"modified":"2026-03-23T19:35:45","modified_gmt":"2026-03-23T18:35:45","slug":"__trashed","status":"publish","type":"page","link":"https:\/\/www.leilasound.com\/ca\/","title":{"rendered":""},"content":{"rendered":"<p class=\"qtranxs-available-languages-message qtranxs-available-languages-message-ca\">Ho sentim, aquesta entrada nom\u00e9s est\u00e0 disponible en <a href=\"https:\/\/www.leilasound.com\/es\/wp-json\/wp\/v2\/pages\/2798\" class=\"qtranxs-available-language-link qtranxs-available-language-link-es\" title=\"Espa\u00f1ol\">Espa\u00f1ol<\/a>.<\/p>","protected":false},"excerpt":{"rendered":"<p>Ho sentim, aquesta entrada nom\u00e9s est\u00e0 disponible en Espa\u00f1ol.<\/p>\n","protected":false},"author":2,"featured_media":0,"parent":0,"menu_order":0,"comment_status":"closed","ping_status":"closed","template":"","meta":{"footnotes":""},"class_list":["post-2798","page","type-page","status-publish","hentry"],"_links":{"self":[{"href":"https:\/\/www.leilasound.com\/ca\/wp-json\/wp\/v2\/pages\/2798","targetHints":{"allow":["GET"]}}],"collection":[{"href":"https:\/\/www.leilasound.com\/ca\/wp-json\/wp\/v2\/pages"}],"about":[{"href":"https:\/\/www.leilasound.com\/ca\/wp-json\/wp\/v2\/types\/page"}],"author":[{"embeddable":true,"href":"https:\/\/www.leilasound.com\/ca\/wp-json\/wp\/v2\/users\/2"}],"replies":[{"embeddable":true,"href":"https:\/\/www.leilasound.com\/ca\/wp-json\/wp\/v2\/comments?post=2798"}],"version-history":[{"count":18,"href":"https:\/\/www.leilasound.com\/ca\/wp-json\/wp\/v2\/pages\/2798\/revisions"}],"predecessor-version":[{"id":2878,"href":"https:\/\/www.leilasound.com\/ca\/wp-json\/wp\/v2\/pages\/2798\/revisions\/2878"}],"wp:attachment":[{"href":"https:\/\/www.leilasound.com\/ca\/wp-json\/wp\/v2\/media?parent=2798"}],"curies":[{"name":"wp","href":"https:\/\/api.w.org\/{rel}","templated":true}]}}